{"id":3478,"date":"2025-11-05T12:38:22","date_gmt":"2025-11-05T11:38:22","guid":{"rendered":"https:\/\/memoriahistorica.educacion.navarra.es\/memoria-eszenikoa\/"},"modified":"2025-11-05T12:38:23","modified_gmt":"2025-11-05T11:38:23","slug":"memoria-eszenikoa","status":"publish","type":"page","link":"https:\/\/memoriahistorica.educacion.navarra.es\/eu\/memoria-eszenikoa\/","title":{"rendered":"Memoria eszenikoa"},"content":{"rendered":"\n<h2>Memoria eta erresistentzia kolektiboaren bisitaldi antzeztua<\/h2>\n\n<p><strong>Ana Diez de Ure Eraul<\/strong>ren ideia<\/p>\n\n<figure class=\"wp-block-table is-style-stripes\"><table><tbody><tr><td><strong>FITXA ARTISTIKOA<\/strong><\/td><\/tr><tr><td><strong>Dramaturgia eta zuzendaritza eszenikoa<\/strong>: Maia Ansa, Mar\u00eda Araiz, Garazi San Mart\u00edn<\/td><\/tr><tr><td><strong>Berrikuspen historiko aditua<\/strong>: Ane D\u00edez de Urue Eraul<\/td><\/tr><tr><td><strong>Interpretazioa<\/strong>: Maia Ansa, Mar\u00eda Araiz, Garazi San Mart\u00edn<\/td><\/tr><tr><td><strong>Janzkera eta atrezzo diseinua<\/strong>: Alicia Otaegui<\/td><\/tr><tr><td><strong>Janzkera eta atrezzo laguntza<\/strong>: Edelweiss Hern\u00e1ndez, Aitana Izquierdo, Odei Reyes, Makar\u00fa Kostura Kreativa<\/td><\/tr><tr><td><strong>Diseinu grafikoa<\/strong>: Ainhoa Ruiz (Nohis)<\/td><\/tr><tr><td><strong>Teasera: <\/strong>Sandra Urra<\/td><\/tr><tr><td><strong>Iraupena:<\/strong> 60 minutu<\/td><\/tr><tr><td>12 urtetik gorakoentzat gomendatua<\/td><\/tr><\/tbody><\/table><\/figure>\n<p><strong>SINOPSIA<\/strong><\/p>\n\n<p>MEMORIA ESZENIKOA bisitaldi antzeztuak Iru\u00f1eko alde zaharreko kaleetan zehar hiriaren historia egin duten emakumeetako batzuei bizia ematen die, eta XX. mendeko lehen erdian esanguratsuak izan diren leku batzuk zeharkatzen ditu; emakume langileen topaguneak eta elkar laguntzeko lekuak izandakoak; Herriaren Etxeko militanteak eta San Kristobalgo Gotorlekuko presoak lagundu zituztenak, Argako arropa garbitzaileak, Adoratrices komentuko barneko emakumeak eta grebalariak. Hainbat pertsonaiek gidatuko gaituzte memoria eta erresistentzia kolektiboan zehar, umoreaz baliatuz eta emozio ezberdinak zeharkatuz.<\/p>\n\n<figure class=\"wp-block-embed is-type-video is-provider-youtube wp-block-embed-youtube wp-embed-aspect-16-9 wp-has-aspect-ratio\"><div class=\"wp-block-embed__wrapper\">\r\n<span class=\"embed-youtube\" style=\"text-align:center; display: block;\"><iframe loading=\"lazy\" class=\"youtube-player\" width=\"640\" height=\"360\" src=\"https:\/\/www.youtube.com\/embed\/U2UbEbsmhZ0?version=3&#038;rel=1&#038;showsearch=0&#038;showinfo=1&#038;iv_load_policy=1&#038;fs=1&#038;hl=eu&#038;autohide=2&#038;wmode=transparent\" allowfullscreen=\"true\" style=\"border:0;\" sandbox=\"allow-scripts allow-same-origin allow-popups allow-presentation\"><\/iframe><\/span>\r\n<\/div><\/figure><br>\n","protected":false},"excerpt":{"rendered":"<p>Memoria eta erresistentzia kolektiboaren bisitaldi antzeztua Ana Diez de Ure Eraulren ideia FITXA ARTISTIKOA Dramaturgia eta zuzendaritza eszenikoa: Maia Ansa, Mar\u00eda Araiz, Garazi San Mart\u00edn Berrikuspen historiko aditua: Ane D\u00edez de Urue Eraul Interpretazioa: Maia Ansa, Mar\u00eda Araiz, Garazi San Mart\u00edn Janzkera eta atrezzo diseinua: Alicia Otaegui Janzkera eta atrezzo laguntza: Edelweiss Hern\u00e1ndez, Aitana Izquierdo, [&hellip;]<\/p>\n","protected":false},"author":5,"featured_media":0,"parent":0,"menu_order":0,"comment_status":"closed","ping_status":"closed","template":"","meta":{"_genesis_hide_title":false,"_genesis_hide_breadcrumbs":false,"_genesis_hide_singular_image":false,"_genesis_hide_footer_widgets":false,"_genesis_custom_body_class":"","_genesis_custom_post_class":"","_genesis_layout":"","jetpack_post_was_ever_published":false},"jetpack_sharing_enabled":true,"jetpack_shortlink":"https:\/\/wp.me\/P8hF6h-U6","jetpack_likes_enabled":true,"_links":{"self":[{"href":"https:\/\/memoriahistorica.educacion.navarra.es\/eu\/wp-json\/wp\/v2\/pages\/3478"}],"collection":[{"href":"https:\/\/memoriahistorica.educacion.navarra.es\/eu\/wp-json\/wp\/v2\/pages"}],"about":[{"href":"https:\/\/memoriahistorica.educacion.navarra.es\/eu\/wp-json\/wp\/v2\/types\/page"}],"author":[{"embeddable":true,"href":"https:\/\/memoriahistorica.educacion.navarra.es\/eu\/wp-json\/wp\/v2\/users\/5"}],"replies":[{"embeddable":true,"href":"https:\/\/memoriahistorica.educacion.navarra.es\/eu\/wp-json\/wp\/v2\/comments?post=3478"}],"version-history":[{"count":1,"href":"https:\/\/memoriahistorica.educacion.navarra.es\/eu\/wp-json\/wp\/v2\/pages\/3478\/revisions"}],"predecessor-version":[{"id":3479,"href":"https:\/\/memoriahistorica.educacion.navarra.es\/eu\/wp-json\/wp\/v2\/pages\/3478\/revisions\/3479"}],"wp:attachment":[{"href":"https:\/\/memoriahistorica.educacion.navarra.es\/eu\/wp-json\/wp\/v2\/media?parent=3478"}],"curies":[{"name":"wp","href":"https:\/\/api.w.org\/{rel}","templated":true}]}}