{"id":2306,"date":"2021-11-08T10:26:18","date_gmt":"2021-11-08T09:26:18","guid":{"rendered":"https:\/\/memoriahistorica.educacion.navarra.es\/para-acabar-con-eddy-bellegueule\/"},"modified":"2021-11-08T10:26:18","modified_gmt":"2021-11-08T09:26:18","slug":"para-acabar-con-eddy-bellegueule","status":"publish","type":"page","link":"https:\/\/memoriahistorica.educacion.navarra.es\/eu\/para-acabar-con-eddy-bellegueule\/","title":{"rendered":"Para acabar con Eddy Bellegueule"},"content":{"rendered":"\n<figure class=\"wp-block-image size-full is-resized\"><img loading=\"lazy\" src=\"https:\/\/memoriahistorica.educacion.navarra.es\/wp-content\/uploads\/2021\/11\/eddy.jpg\" alt=\"\" class=\"wp-image-2238\" width=\"318\" height=\"212\" srcset=\"https:\/\/memoriahistorica.educacion.navarra.es\/wp-content\/uploads\/2021\/11\/eddy.jpg 647w, https:\/\/memoriahistorica.educacion.navarra.es\/wp-content\/uploads\/2021\/11\/eddy-300x200.jpg 300w\" sizes=\"(max-width: 318px) 100vw, 318px\" \/><\/figure>\n<p><strong>Pamela Carterrek<\/strong> egokituta, <strong>LaJoven<\/strong> konpainiak aurkeztuta. \u00c8douard Louis idazlearen \u201cPara acabar con Eddy Bellegueule\u201d eleberrian oinarrituta.<\/p>\n\n<figure class=\"wp-block-table is-style-stripes\"><table><tbody><tr><td><strong>FITXA ARTISTIKOA.<\/strong><\/td><\/tr><tr><td><strong>Eszena-zuzendaria:<\/strong>\u00a0Jos\u00e9 Luis Arellano.<\/td><\/tr><tr><td><strong>Antzerkirako egokitzapena:<\/strong>\u00a0Pamela Carter.<\/td><\/tr><tr><td><strong>Aktoreak<\/strong>:<strong> <\/strong>Julio Monta\u00f1ana Hidalgo y Ra\u00fal Pulido.<\/td><\/tr><tr><td><strong>Itzulpena<\/strong>: Jos\u00e9 Luis Collado.<\/td><\/tr><tr><td><strong>Eszenografia eta bideo-eszena:<\/strong> \u00c1lvaro Luna.<\/td><\/tr><tr><td><strong>Iluminazioa<\/strong>: Juanjo Llorens.<\/td><\/tr><tr><td><strong>Jantziak: <\/strong>Ikerne Gim\u00e9nez y Lua Quiroga Pa\u00fal.<\/td><\/tr><tr><td><strong>Musika eta soinu-espazioa:<\/strong>\u00a0Alberto Granados Reguil\u00f3n.<\/td><\/tr><tr><td><strong>Iraupena:\u00a0 <\/strong>90 minutu.<\/td><\/tr><\/tbody><\/table><\/figure>\n<p><strong>SINOPSIA<\/strong>:<\/p>\n\n<p>\u00c9douard Louis eta Eddy Bellegueule pertsona bera dira eta ez dira pertsona bera. <em>Para acabar con Eddy<\/em>, eraldaketa baten istorioa da, indarkeriaren, matxismoaren, pobreziaren, homofobiaren eta alkoholismoaren ingurunean biziraun behar duen haur bereziarena, non jaiotzeko zorte txarra izan zuen. Bere benetako izaera ezkutatu behar duen haur sentibera eta urduria, onartua izaten saiatzeko. <em>Benetako gizona<\/em> ematen saiatzen den nerabea, kondenatua dirudien abusu eta umiliazioen patua saihesteko. Baina \u00c9douardek, zintzotasun lotsagabe eta argitsuz, Eddyren istorioa kontatzen digu, bere sufrimenduarena eta bere askapenarena, azkenean, ingurune zapaltzaile horretatik ihes egitea lortzen duenean. Eddy Bellegueuleren amaiera \u00c9douard Louisen hasiera delako, bere belaunaldiko idazlerik bikainenetako bat.de verdad para esquivar as\u00ed el destino de abusos y humillaciones al que parece condenado. Pero es \u00c9douard quien, con una honestidad descarnada y luminosa, nos cuenta la historia de Eddy, de su sufrimiento y de su liberaci\u00f3n cuando por fin consigue huir de ese entorno opresor. Porque el final de Eddy Bellegueule es el principio de \u00c9douard Louis, uno de los escritores m\u00e1s brillantes de su generaci\u00f3n.<\/p>\n\n<figure class=\"wp-block-embed is-type-video is-provider-youtube wp-block-embed-youtube wp-embed-aspect-16-9 wp-has-aspect-ratio\"><div class=\"wp-block-embed__wrapper\">\r\n<span class=\"embed-youtube\" style=\"text-align:center; display: block;\"><iframe loading=\"lazy\" class=\"youtube-player\" width=\"640\" height=\"360\" src=\"https:\/\/www.youtube.com\/embed\/KAkarVlCf4o?version=3&#038;rel=1&#038;showsearch=0&#038;showinfo=1&#038;iv_load_policy=1&#038;fs=1&#038;hl=eu&#038;autohide=2&#038;wmode=transparent\" allowfullscreen=\"true\" style=\"border:0;\" sandbox=\"allow-scripts allow-same-origin allow-popups allow-presentation\"><\/iframe><\/span>\r\n<\/div><\/figure>\r\n","protected":false},"excerpt":{"rendered":"<p>Pamela Carterrek egokituta, LaJoven konpainiak aurkeztuta. \u00c8douard Louis idazlearen \u201cPara acabar con Eddy Bellegueule\u201d eleberrian oinarrituta. FITXA ARTISTIKOA. Eszena-zuzendaria:\u00a0Jos\u00e9 Luis Arellano. Antzerkirako egokitzapena:\u00a0Pamela Carter. Aktoreak: Julio Monta\u00f1ana Hidalgo y Ra\u00fal Pulido. Itzulpena: Jos\u00e9 Luis Collado. Eszenografia eta bideo-eszena: \u00c1lvaro Luna. Iluminazioa: Juanjo Llorens. Jantziak: Ikerne Gim\u00e9nez y Lua Quiroga Pa\u00fal. Musika eta soinu-espazioa:\u00a0Alberto Granados Reguil\u00f3n. [&hellip;]<\/p>\n","protected":false},"author":5,"featured_media":0,"parent":0,"menu_order":0,"comment_status":"closed","ping_status":"closed","template":"","meta":{"_genesis_hide_title":false,"_genesis_hide_breadcrumbs":false,"_genesis_hide_singular_image":false,"_genesis_hide_footer_widgets":false,"_genesis_custom_body_class":"","_genesis_custom_post_class":"","_genesis_layout":"","jetpack_post_was_ever_published":false},"jetpack_sharing_enabled":true,"jetpack_shortlink":"https:\/\/wp.me\/P8hF6h-Bc","jetpack_likes_enabled":true,"_links":{"self":[{"href":"https:\/\/memoriahistorica.educacion.navarra.es\/eu\/wp-json\/wp\/v2\/pages\/2306"}],"collection":[{"href":"https:\/\/memoriahistorica.educacion.navarra.es\/eu\/wp-json\/wp\/v2\/pages"}],"about":[{"href":"https:\/\/memoriahistorica.educacion.navarra.es\/eu\/wp-json\/wp\/v2\/types\/page"}],"author":[{"embeddable":true,"href":"https:\/\/memoriahistorica.educacion.navarra.es\/eu\/wp-json\/wp\/v2\/users\/5"}],"replies":[{"embeddable":true,"href":"https:\/\/memoriahistorica.educacion.navarra.es\/eu\/wp-json\/wp\/v2\/comments?post=2306"}],"version-history":[{"count":1,"href":"https:\/\/memoriahistorica.educacion.navarra.es\/eu\/wp-json\/wp\/v2\/pages\/2306\/revisions"}],"predecessor-version":[{"id":2307,"href":"https:\/\/memoriahistorica.educacion.navarra.es\/eu\/wp-json\/wp\/v2\/pages\/2306\/revisions\/2307"}],"wp:attachment":[{"href":"https:\/\/memoriahistorica.educacion.navarra.es\/eu\/wp-json\/wp\/v2\/media?parent=2306"}],"curies":[{"name":"wp","href":"https:\/\/api.w.org\/{rel}","templated":true}]}}