{"id":2277,"date":"2021-11-08T09:00:42","date_gmt":"2021-11-08T08:00:42","guid":{"rendered":"https:\/\/memoriahistorica.educacion.navarra.es\/amapola\/"},"modified":"2024-09-22T10:53:41","modified_gmt":"2024-09-22T08:53:41","slug":"amapola","status":"publish","type":"page","link":"https:\/\/memoriahistorica.educacion.navarra.es\/eu\/amapola\/","title":{"rendered":"PRAGA, 1941"},"content":{"rendered":"\n<h2>J\u00f3venes rubios no paran de gritar frente a mi casa<\/h2>\n\n\n\n<figure class=\"wp-block-image size-full is-resized\"><img loading=\"lazy\" src=\"https:\/\/memoriahistorica.educacion.navarra.es\/wp-content\/uploads\/2023\/10\/Praga.jpg\" alt=\"\" class=\"wp-image-3018\" width=\"446\" height=\"298\" srcset=\"https:\/\/memoriahistorica.educacion.navarra.es\/wp-content\/uploads\/2023\/10\/Praga.jpg 649w, https:\/\/memoriahistorica.educacion.navarra.es\/wp-content\/uploads\/2023\/10\/Praga-300x200.jpg 300w\" sizes=\"(max-width: 446px) 100vw, 446px\" \/><\/figure>\n\n\n\n<p><strong><strong>Paco Gamezen<\/strong> <\/strong>antzelana<strong>, <strong>Petr Ginzen<\/strong> <\/strong>egunkarietatik abiatuta, <strong><strong>LaJoven<\/strong> <\/strong>konpainiak aurkeztua.<\/p>\n\n\n\n<figure class=\"wp-block-table is-style-stripes\"><table><tbody><tr><td><strong>FITXA ARTISTIKOA<\/strong><\/td><\/tr><tr><td><strong>Zuzendaritza:&nbsp;<\/strong>Jos\u00e9 Luis Arellano Garc\u00eda<\/td><\/tr><tr><td><strong>Testua:&nbsp;<\/strong>Paco G\u00e1mez<\/td><\/tr><tr><td><strong>Aktoreak<\/strong>: Ra\u00fal Pulido y Fernando Sainz de la Maza (txandaka)<\/td><\/tr><tr><td><strong>Eszenografia eta jantziak:<\/strong> Ikerne Gim\u00e9nez<\/td><\/tr><tr><td><strong>Musika:<\/strong> Alberto Granados Reguil\u00f3n<\/td><\/tr><tr><td><strong>Eszenografia eta jantzien laguntzailea: <\/strong>Lua Quiroga Pa\u00fal<\/td><\/tr><tr><td><strong>Maketen egilea:<\/strong> Francisco Granados<\/td><\/tr><tr><td><strong>Produkzioa zuzendaritza<\/strong>: Olga Reguil\u00f3n Aguado<\/td><\/tr><tr><td><strong>Iraupena<\/strong>: 55 minutu.<\/td><\/tr><\/tbody><\/table><\/figure>\n\n\n\n<p><strong>SINOPSIA<\/strong>:<\/p>\n\n\n\n<p>Telebistak jakitera eman duenez, Columbia transbordadoreak istripua izan du Ilargiko espedizio baten ondoren lurrera itzultzean. Albisteetan astronautetako batek eramandako marrazki bat ateratzen da: lurreko globoa espaziotik ikusita. Daniel, Pragan bizi den mutila, marrazkia ezagutzen du eta bere aitaren trastelekuan antzeko batzuk daudela uste du. Izan ere, Petr Ginz izeneko batek sinatutako xafla eta liburuxkak dituen kutxa bat aurkitzen du han.<br><br>Petr 1941ean etxe horretan bizi izan zen ziurrenik, naziek hiria okupatu zutenean. Danielek, Petren adin berekoa izanik, sinesgogor irakurtzen du nolakoa zen berak paseatzen dituen kaleetako bizimodua. Bi mutilen ahotsa urtzen hasi da eta orainaren eta iraganaren arteko mugak gero eta lausoagoak dira.<br><br>Danielek bere buruari galdetzen dio ea zer egin nahi duen kasualitatez aurkitu duen lekukotzarekin, ea familia judu horretatik bizirik atera den inor Petren gauzak entregatzeko, edo nola gorde historiaren zati hori.<\/p>\n\n\n\n<figure class=\"wp-block-embed is-type-video is-provider-youtube wp-block-embed-youtube wp-embed-aspect-16-9 wp-has-aspect-ratio\"><div class=\"wp-block-embed__wrapper\">\n<span class=\"embed-youtube\" style=\"text-align:center; display: block;\"><iframe loading=\"lazy\" class=\"youtube-player\" width=\"640\" height=\"360\" src=\"https:\/\/www.youtube.com\/embed\/DwxdhMaMG3E?version=3&#038;rel=1&#038;showsearch=0&#038;showinfo=1&#038;iv_load_policy=1&#038;fs=1&#038;hl=eu&#038;autohide=2&#038;wmode=transparent\" allowfullscreen=\"true\" style=\"border:0;\" sandbox=\"allow-scripts allow-same-origin allow-popups allow-presentation\"><\/iframe><\/span>\n<\/div><\/figure>\n","protected":false},"excerpt":{"rendered":"<p>J\u00f3venes rubios no paran de gritar frente a mi casa Paco Gamezen antzelana, Petr Ginzen egunkarietatik abiatuta, LaJoven konpainiak aurkeztua. FITXA ARTISTIKOA Zuzendaritza:&nbsp;Jos\u00e9 Luis Arellano Garc\u00eda Testua:&nbsp;Paco G\u00e1mez Aktoreak: Ra\u00fal Pulido y Fernando Sainz de la Maza (txandaka) Eszenografia eta jantziak: Ikerne Gim\u00e9nez Musika: Alberto Granados Reguil\u00f3n Eszenografia eta jantzien laguntzailea: Lua Quiroga Pa\u00fal Maketen [&hellip;]<\/p>\n","protected":false},"author":5,"featured_media":0,"parent":0,"menu_order":0,"comment_status":"closed","ping_status":"closed","template":"","meta":{"_genesis_hide_title":false,"_genesis_hide_breadcrumbs":false,"_genesis_hide_singular_image":false,"_genesis_hide_footer_widgets":false,"_genesis_custom_body_class":"","_genesis_custom_post_class":"","_genesis_layout":"","jetpack_post_was_ever_published":true},"jetpack_sharing_enabled":true,"jetpack_shortlink":"https:\/\/wp.me\/P8hF6h-AJ","jetpack_likes_enabled":true,"_links":{"self":[{"href":"https:\/\/memoriahistorica.educacion.navarra.es\/eu\/wp-json\/wp\/v2\/pages\/2277"}],"collection":[{"href":"https:\/\/memoriahistorica.educacion.navarra.es\/eu\/wp-json\/wp\/v2\/pages"}],"about":[{"href":"https:\/\/memoriahistorica.educacion.navarra.es\/eu\/wp-json\/wp\/v2\/types\/page"}],"author":[{"embeddable":true,"href":"https:\/\/memoriahistorica.educacion.navarra.es\/eu\/wp-json\/wp\/v2\/users\/5"}],"replies":[{"embeddable":true,"href":"https:\/\/memoriahistorica.educacion.navarra.es\/eu\/wp-json\/wp\/v2\/comments?post=2277"}],"version-history":[{"count":4,"href":"https:\/\/memoriahistorica.educacion.navarra.es\/eu\/wp-json\/wp\/v2\/pages\/2277\/revisions"}],"predecessor-version":[{"id":3062,"href":"https:\/\/memoriahistorica.educacion.navarra.es\/eu\/wp-json\/wp\/v2\/pages\/2277\/revisions\/3062"}],"wp:attachment":[{"href":"https:\/\/memoriahistorica.educacion.navarra.es\/eu\/wp-json\/wp\/v2\/media?parent=2277"}],"curies":[{"name":"wp","href":"https:\/\/api.w.org\/{rel}","templated":true}]}}