{"id":1207,"date":"2020-03-27T19:58:10","date_gmt":"2020-03-27T18:58:10","guid":{"rendered":"https:\/\/memoriahistorica.educacion.navarra.es\/lur-azpian\/"},"modified":"2021-10-20T14:04:52","modified_gmt":"2021-10-20T12:04:52","slug":"lur-azpian","status":"publish","type":"page","link":"https:\/\/memoriahistorica.educacion.navarra.es\/eu\/lur-azpian\/","title":{"rendered":"LUR AZPIAN"},"content":{"rendered":"\n<p style=\"font-size:22px\"><strong>Desobiratze goiztiarrak Nafarroan<\/strong><\/p>\n\n<div class=\"wp-block-image\"><figure class=\"aligncenter size-large is-resized\"><img loading=\"lazy\" src=\"https:\/\/lh3.googleusercontent.com\/ynfm4B-P5XgtK66ZSHq8tOk6jAefiyAEG1mvRoPT7wY8UHCVpeR47_k1Pgrq7Lz5qyUWUHtnLMjTTAHwjEIs6P-asCVklIiuS8Vbo-1STNfufy_IO_Yc-FU7xhCld6kpR-W-FqSHN2cJoGsBBFJaRdsGCOYt47B26DmiKWIrjiPO5ShiLw0R3H6kP6TxMrI4X3kl58ma0Lg7AxkSgInL7A4Ge8OexPsGNNWuTO3GkQskd87eNt8VAKBJv23uZAYTglrReSmvcmyxnwxcru1-Qd5imHYojp0LFmDP_WsfZGmfSDVYqEQo9_-qZFco-oRGv_rGuiNEVVmPrKsloUhpE3082E-jTW9c2JHyMCQdLE8MCQEf7cXbfPTY2mlyMVc2A1W-T-50XL0hIZHHJOOz9r5UgUa6_nB8fTxb10AEtWvrXjuhB4F9cQf1QtGIl9cgeYqX6lgGs-9QaXzgH_RLtPAbDmhxtjA_3jb_2QfPZbFD49WfKJc79uRHrDwgGNX7JRvBg-cRH9H79Io3lmEMKOLnSvx9PmPJ_DcXzH8YXxHmclcUZmKQv6xtWqlogzeuB45Q9xWR1fvTpvmEQAWVeFAnSYgfKYoRaFqfjgZnZ8uYKoQMP-D1s8lZQ7yWG9vA8GSBINuLMYbhf2gA4kvGdgOZmlRn2G_nteczktMBEK_GXPhaHXorzqo6nPW_4YNeO37wQ6XwnQEuYuP7T8xOroed0v7g6aRJKQjVx-Iw0d-9yb6HOzBRMQ=w1020-h696-no\" alt=\"\" width=\"557\" height=\"379\" \/><\/figure><\/div>\n\n<p><a href=\"https:\/\/pazyconvivencia.navarra.es\/eu\/lur-azpian-bajo-tierra\" target=\"_blank\" rel=\"noreferrer noopener\">Erakusketa birtuala<\/a><\/p>\n\n<p class=\"has-normal-font-size\">Orain berrogei urte ehunka familia nafarrek aski itxaron zutela erabaki zuten. Diktadorea hil eta hiru urte igarotakoan, ohartu ziren errepresioaren biktima izandako ahaideak bilatzea ez zegoela aro politiko berriaren agendan. Eta ekitea erabaki zuten. Hartara, bilerei, antolaketei eta kudeaketei ekin zieten, buru-belarri ekin ere, eta, lan horri esker, 2.000 biktima desobiratu zituzten eta dozenaka omenaldi egin ziren jendaurrean, haien oroimenez eta aldarriz. Eginahal kolektibo horren oroimenari eskainita dago erakusketa hau.<\/p>\n\n<p class=\"has-normal-font-size\"><strong>ERREPRESIOA<\/strong><\/p>\n\n<div class=\"wp-block-image\"><figure class=\"aligncenter size-large\"><img src=\"https:\/\/lh3.googleusercontent.com\/bfGISic_Ti79mAgvbxiP4APEUJQWO8NPYizKi-qSbDSXx3y2EytG3cgPV2RMP2KIHoGG8mh8oNThbo2QwIQO11dtExZLOqaUDUa5uOR9jGUJUjTHzfzZQ2KP7Y901X8K4Ims7er-acURb4Y04kubrJ7YrwrA57265bbQWnae1BmQI2BR7-sbVoXjA5Nj4Gk2P2_2wuQwh3vgOsp6JEx8BcnSQq5npng1ZbuWEjEIA8yK2SxKTsZ6hbt2LaN8fphrO5icIRMLQw-tZVKP9h-VbW4TcIs0qgKnGR-YtYlvZC2FvW8YoeWvIZMfkJuCB-LchC0esKfSiYAkDtLrVpDv8iKb170Nwj3VezpPNBEF2Eq3PngGM1jw3SitvHJoe-A3td9siP_bKoSl2iC7JLD2yFVN4tJ-EH1Zdd8VNIuqKnVWglehX_Kjupw7-maWy5TVKQ6nd76zYX6dG5dYeRUQZIQTy6IOPy_5KHJeRBvgNamaZc7jk9ZSdG_9cCfqLGuHjkQ4DUKTCeh0VNUfdjapfRMVYy9wFPUI-5A2ra3ngqris_JgVKNfY_3TKtjr66m4cnSx4NsndXPdlf0cOfmqtfzHAEPbD4vNKIVb_kWVuLCtkKbKPWDiXy9GcEsIEfCf85HmuvCfcAiVVA-nE3lM2410yYjtgNjAjrRxq6BvaK8cuglZqXYkbVVd0u1xi28ncSbVVHYosM_MLsnMqVgleKRLB_IDinzeooFkDV1z0ZhEz5kLHKy21Q=w531-h353-no\" alt=\"\" \/><\/figure><\/div>\n\n<p>1936ko ekaineko kolpe militarra azkar gailendu zen Nafarroan, lurraldea giltzarrietako bat izan baitzen hura antolatzeko, Mola jenerala buru aritu zelako kolpea prestatzen. Nafarroan gerra fronterik egon ez bazen ere, matxinoek parrastaka erabili zuten indarkeria; 3.000 pertsona baino gehiago hil eta desagerrarazi zituzten, eta izua zabaldu zuten etsaitzat jotakoen artean: errepublikanoak, sozialistak, komunistak, anarkistak eta euskal abertzaleak. Milaka erail haiei, eta haien senitartekoei, ohartuki eta modu planifikatu batean ukatu zitzaien duintasunez lurperatzeko eskubidea. Hobi ezkutukoetan ehortzi zituzten, osin eta bide-bazterretan, oroigarririk bat ere paratu gabe. Diktadurak ezarritako isiltasun luzearen eta beldurraren ondorioz, oroimenetik galdu dira kokaleku batzuk eta ikaragarri zaila da non dauden jakitea.<\/p>\n\n<p><strong>DESOBIRATZE GOIZTIARRAK NAFARROAN<\/strong><\/p>\n\n<div class=\"wp-block-image\"><figure class=\"aligncenter size-large is-resized\"><img loading=\"lazy\" src=\"https:\/\/memoriahistorica.educacion.navarra.es\/wp-content\/uploads\/2020\/03\/Agirre-1.jpg\" alt=\"\" class=\"wp-image-1238\" width=\"560\" height=\"369\" srcset=\"https:\/\/memoriahistorica.educacion.navarra.es\/wp-content\/uploads\/2020\/03\/Agirre-1.jpg 948w, https:\/\/memoriahistorica.educacion.navarra.es\/wp-content\/uploads\/2020\/03\/Agirre-1-300x198.jpg 300w, https:\/\/memoriahistorica.educacion.navarra.es\/wp-content\/uploads\/2020\/03\/Agirre-1-768x507.jpg 768w\" sizes=\"(max-width: 560px) 100vw, 560px\" \/><\/figure><\/div>\n\n<p>Franco hil eta gero, trantsizio politikoa abiarazi zen. Desagerrarazien eta eraildakoen auzia eztabaida politikotik kanpo gelditu zen eta familiei beste isilaldi instituzional luze baten zigorra etorri zitzaien. Gauzak horrela, desobiratzeak senitartekoek eta adiskideek bultzatu zituzten tokietan egin ziren. Nafarroa aitzindaria izan zen desobiratze prozesu kolektibo horretan eta, oro har, 36an eraildakoen memoria berreskuratzean, senitartekoen konpromisoari esker.<\/p>\n\n<div class=\"wp-block-image\"><figure class=\"aligncenter size-large is-resized\"><img loading=\"lazy\" src=\"https:\/\/lh3.googleusercontent.com\/GKAlYxkCVMq4jtWE4-nBBF2kxw7NBRNv7eZZfUz-w_h9zx-zI-VrdCumzIiz987xqhb3VjmHI8t-FmgIrEDsexhvCltaSfsAfqYCBG27f3pKXw9HTSbvxsXTgjHosIz8MbY3E3NRO_Ufy9R_nABp8qUPadvobvU5iXjNhNhp1k8DR7DxHy78JS7XqC2V7n0-DWlXyG7H9vkdagtrUTs89zCid7j-_MLo6dVkqkg67FMBgag9gP2yLar2cUmRUYN8KsIckc1bMvFx3WspvLXkI5Lg8V3pVlUoj0611o5Rtgi9aXf8z-a2TdzRtxDUjVVV-uN1FXmaPeZXA44NTNEexKmHw5pbkNRQlf_iZrex5EzZyMvq-5dokTfTLurZwhc4C5oquEdfLCulXzPe7iLJvFWEvuJWaxHyQx03b-UKBlM5hjniCRaIMU6nm7hWDvnVH7xG1eaSfuEVgdnoEFPXstUV_tfZJCrgdqzua4MAvNJFRoFnhIrGSydKu2iSBwt9N_hZEexo8LpnM__q-nOmPr_xHCJGSRmMSsYqqs72ljTwGt2hAoB1xeDyOaSZ0lft2X5yICXRdOasqGCTuPnXfMXoIAEglibL0BXFPi0-sIaEMYF89uPNbio8sR2YQNdGnaxoamcj63Ffi2zOYUTQfzdb9LtpUBICtBUY1IW78xhYqq1M5UviKqUVnSkOtz-Tc3-k274-ekwTrqVAcz_GBhKj-o4ZoLl4FXEkbOWQK4TtrNyTEEmmGQ=w1020-h752-no\" alt=\"\" width=\"562\" height=\"414\" \/><\/figure><\/div>\n\n<p>Desobiratu ondoren, jatorrizko herrietan hiletak egin ziren. Hilerrira eraman ohi ziren gorpuzkiak. Segizio jendetsu batek eraman ohi zituen desobiraturiko pertsonen gorpuzkiak zeuzkaten kutxak, eta herriko kale nagusietan barrena joaten ziren herriaren kanpo aldeko hilerriraino. Han panteoi errepublikano eraiki berrietan ehortzen zituzten, herriko biktima guztien zerrenda zekarten plaka oroigarriak paratzen zirelarik.<\/p>\n\n<figure class=\"wp-block-table aligncenter is-style-stripes\"><table><tbody><tr><td><img loading=\"lazy\" width=\"1040\" height=\"667\" class=\"wp-image-1203\" style=\"width: 320px\" src=\"https:\/\/memoriahistorica.educacion.navarra.es\/wp-content\/uploads\/2020\/03\/Funeral1-1.jpg\" alt=\"\" srcset=\"https:\/\/memoriahistorica.educacion.navarra.es\/wp-content\/uploads\/2020\/03\/Funeral1-1.jpg 1040w, https:\/\/memoriahistorica.educacion.navarra.es\/wp-content\/uploads\/2020\/03\/Funeral1-1-300x192.jpg 300w, https:\/\/memoriahistorica.educacion.navarra.es\/wp-content\/uploads\/2020\/03\/Funeral1-1-1024x657.jpg 1024w, https:\/\/memoriahistorica.educacion.navarra.es\/wp-content\/uploads\/2020\/03\/Funeral1-1-768x493.jpg 768w\" sizes=\"(max-width: 1040px) 100vw, 1040px\" \/><\/td><td><img loading=\"lazy\" width=\"1040\" height=\"740\" class=\"wp-image-1201\" style=\"width: 320px\" src=\"https:\/\/memoriahistorica.educacion.navarra.es\/wp-content\/uploads\/2020\/03\/Funeral_tricolor-1.jpg\" alt=\"\" srcset=\"https:\/\/memoriahistorica.educacion.navarra.es\/wp-content\/uploads\/2020\/03\/Funeral_tricolor-1.jpg 1040w, https:\/\/memoriahistorica.educacion.navarra.es\/wp-content\/uploads\/2020\/03\/Funeral_tricolor-1-300x213.jpg 300w, https:\/\/memoriahistorica.educacion.navarra.es\/wp-content\/uploads\/2020\/03\/Funeral_tricolor-1-1024x729.jpg 1024w, https:\/\/memoriahistorica.educacion.navarra.es\/wp-content\/uploads\/2020\/03\/Funeral_tricolor-1-768x546.jpg 768w\" sizes=\"(max-width: 1040px) 100vw, 1040px\" \/><\/td><\/tr><\/tbody><\/table><\/figure>\n<p><strong>BURUTU GABEKO EGINKIZUNA<\/strong><\/p>\n\n<div class=\"wp-block-image\"><figure class=\"aligncenter size-large is-resized\"><img loading=\"lazy\" src=\"https:\/\/lh3.googleusercontent.com\/TBe8WKOx-l6NL0hwk0zL_q44dEFLC6t-BYAau6sYJjaMyPDUmvid9p0UaTydEjgbECjkcocrE7tjuUbIHtEWRA3TQ9VTFciwYRk5AWj6-8cECQsK1YmqOPtyOWQMlDepADOc0ppHIXypDCFwwKcRv1pXFxv8QLO-qlaFywv_U2464pIKw9Afm0_04T6AVvzhBxonV8sUPs-a1E6g7fQ_q1ojb61l6l-timVW37tL6DfDIj8pjHGtJ49VFMV6CrtEXo451hldyJVjn7WuLK_9SyY5zfj31WWNtQFAyTSBQ7xEsKqgQE24cp2wZTZ13H8EYMbHgY-urXR3hAvZeRvkfg8yr4Ch-UiDJJngJVWS_ush_QsLiWhlYYqwYL5_QFVcx4Wqzonj784d0iNaByHkjQtRq8xdQmtOadTprpa_FicBaSJes2eq9_82-Q4ETi-TeUjGBTFDrKaEKKzVPGg92ZIlg_iYjD0lIgb-ebMu6GfF3ywgRwaYzlCfGFh59rI0eBG-1jup_RNcc7B74rHrttsmwBVpn1Lyz9HToDfi_JM8WoXFqnLQNEwrFpxJCX4c6ZGmyWXuFezBLgRqb-ULymxf8Yl3Dz2BX9a_iKNVKvzclwD8-KJ7RLle7Zl4NjDwpS9gNh132gVRsK4RT7VW-nYzlbZZ_FXgQ6x3Ax4EdFgA4ieEPEaMDaYACRSVNhyH_QXERSq6GWrsIzur3boVHYilb09EYuIC3j_anRoMwHf10qzkFaq1Pw=w448-h336-no\" alt=\"\" width=\"546\" height=\"410\" \/><\/figure><\/div>\n\n<p>XXI. mendearen hasieran beste bulkada bat eman zitzaion desobiratzeen prozesuari, senitartekoen elkarteei eta memoriaren aldeko taldeei esker. Kale egin zuten zenbait miaketaren ondotik, Fusti\u00f1anan atera ziren aro berri horretako lehen gorpuzkiak, 2005ean, AFFNA36ren ekimenez. Hurrengo urteetan elkarte eta ikerlari batzuek desobiratze gehiago sustatu zituzten.<\/p>\n\n<div class=\"wp-block-image\"><figure class=\"aligncenter size-large is-resized\"><img loading=\"lazy\" src=\"https:\/\/lh3.googleusercontent.com\/apxIoJAkKzpaL8voN9p8L_UBT8kgTbe3C-PwUhNTnmNTlorAVVT4tbleFghJn1gylDiWQUEIlbnj_6keZaH9McDXyWNMbbyHGQ2IQt1Bm6hBWY7R-JzpFmAvB21e_-LwMbohQKMmdYD86gV_xeczrzddycziKOPhQKeZKfNq7yXg16U3hzf-ql5XGB-4KDpaC_q9gP9d82gBXoELcGbiwKQOsrzBgUqZvid9tG8tM5vQX1oK8squ3vC6UwrYLYz5coDb4jXzll7xiVtvlPbiVioO_tAWFGarVjFeVfzbXjSmrHnfVdypCrzR6svGUSmptR7DodbR1D7vY1sbkF-nWQtY09qMxsWLhDnBfcuWt5yKhN4nirmV7wdzMgr0kYO3xFCQ8dNMgsbpR2lJverqgqXpdqLOcP2F-K4IoVtiqGUTRKi23MnndUvARXLidzEy2FZ33ZN3g98Ps_uQAqUWwRiMmzV4YkG4aiBuvCkD4QioOEWvNPq7ddGStFWVAaf96U9dXAUT40qYNfo6p2MlEGLadXKpVqgJLsDvrM6Ly1ftyhXdJ3-Xdcc81vtPpU7lw3Gy2XdM7wU5a8PyoNcIdVQYfvKcnHYiZpcYNRYregtJADqCoXf_9_U5Z7uZo-qbkdEeu5EkTxFY6Rslh6D5h8hwcphjiySxWX9kBMEx4UoaH9Z9Vn5ZqspVO5srOTYONQltxLZ2kvUKuER5rQpvlOF0evE2MeEaxCNmInDm4EXzjagzfftlcA=w508-h338-no\" alt=\"\" width=\"555\" height=\"369\" \/><\/figure><\/div>\n\n<p>Gaur egun, Nafarroako erakundeek sustatzen dituzte desobiratzeak, senitartekoen eta elkarteen konpromisoa berenganatuz horrela. Nafarroako Gobernuaren eta Arantzadi Zientzia Elkartearen arteko hitzarmenaren bidez mamitzen da ardura hori. Desobiratzeetan berreskuratzen diren gorpuzkien azterketa laborategian egiten da, eta lagina bidaltzen Nafarroako Gobernuaren DNA Bankura.<\/p>\n\n<div class=\"wp-block-image\"><figure class=\"aligncenter size-large is-resized\"><img loading=\"lazy\" src=\"https:\/\/lh3.googleusercontent.com\/-oHXBEFdcJ3-MZoQVLk2xSR5icd07GFBeoqzvvOQQ_Cli_jeYGBH6-1O5LdRVriThXNoiRBW9LqddsDi6vIkwq9FniKXTdqkx8X5wJlyrRDFpnv0B-Xyl8hb4cGkFXba2Oo9YTrnDH9_VtxUUXhAgfcGIs-suLZOdwldwMD6HztFtwWAQnaJq-6xU8OHDaMn_5G1iNFilpFTUPCn73Zc-i235q25ZIgDj3MBKM2SLq_-Rula6tvWzkJpbLspth4bzGZQ0oAUYz2tV9RnyuxLQDzvCVvPbpu_biwakE32sQAYiEsPmJvNrISQ9xsqMrH-1vZlysPsG-VkcX_DNbSgmQGI3dSHv5I7EX4bM7SkmVu3bh22eMbjTTPRaabCOzoy1fiJpc2Xyk7klsIaU5RWb1tI2sGYgyMbuMWh5QgC7vOxX_Y_Ylw_16i2CxGmSTSbKYgWsxDf1Bj0JBPaUyP-Abm-2VEnCY-Ub1VvHNq9waKyn_pawOjq7jSrc0-vDcqPZRw33ecmT-oWvCYQ2KbOgIwdMMjYzQSjaKk1w-CGmqq0Iqt-4YBUq_ulCSHv1b42v1DHu61R7vxMPPJG9BqINRnlM3vTQaRjtTdrPRZicfChKfTRsSRbR5fTZj2OO4RasZ9-yKYcgFWIGcsBZieqxvusaN0p8wPxbA60SHacz5Y1KEqpz-HhDdG1mIomWy_3OZzqB_3GObY6MzwNYvfLp9ZMKRjyWF6cDXEHZkpjrFg1jUv4CeO4Jg=w1020-h679-no\" alt=\"\" width=\"560\" height=\"373\" \/><\/figure><\/div>\n\n<p>Jeitsi <a href=\"https:\/\/drive.google.com\/file\/d\/1tPjx4OzHabsDUVV18OUi4rGvkXnflGru\/view?usp=sharing\" target=\"_blank\" rel=\"noopener\">erakusketaren katalogoa<\/a> pdf formatoan.<\/p>\n\n<p>TEXTUAK ETA KOORDINAZIOA: C\u00e9sar Layana, Jos\u00e9 Miguel Gast\u00f3n.&#013;\nARGAZKIAK: Nafarroako Memoriaren Instituta.&#013;\nFondoak: Hermanas Aguirre, Josefina Campos, Luis Miguel Escudero,&#013;\nSebasti\u00e1n Galarreta, Edurne Garde, Heraclio Jim\u00e9nez, Luc\u00eda Moreno, M\u00aa Carmen Moreno, Emilio Ruiz, Emilia Salvatierra.&#013;\nIru\u00f1eko Udal Artxiboa: Arazuri Fondoa.&#013;\nAltaffaylla Kultur Taldea, Txinparta, Clemente Bernard, Unai Beroiz, Patxi Cascante, I\u00f1aki Porto. Mauro Saravia (Lekukoen argazkiak)<\/p>\n","protected":false},"excerpt":{"rendered":"<p>Desobiratze goiztiarrak Nafarroan Erakusketa birtuala Orain berrogei urte ehunka familia nafarrek aski itxaron zutela erabaki zuten. Diktadorea hil eta hiru urte igarotakoan, ohartu ziren errepresioaren biktima izandako ahaideak bilatzea ez zegoela aro politiko berriaren agendan. Eta ekitea erabaki zuten. Hartara, bilerei, antolaketei eta kudeaketei ekin zieten, buru-belarri ekin ere, eta, lan horri esker, 2.000 biktima [&hellip;]<\/p>\n","protected":false},"author":5,"featured_media":0,"parent":0,"menu_order":0,"comment_status":"closed","ping_status":"closed","template":"","meta":{"_genesis_hide_title":false,"_genesis_hide_breadcrumbs":false,"_genesis_hide_singular_image":false,"_genesis_hide_footer_widgets":false,"_genesis_custom_body_class":"","_genesis_custom_post_class":"","_genesis_layout":"","jetpack_post_was_ever_published":false},"jetpack_sharing_enabled":true,"jetpack_shortlink":"https:\/\/wp.me\/P8hF6h-jt","jetpack_likes_enabled":true,"_links":{"self":[{"href":"https:\/\/memoriahistorica.educacion.navarra.es\/eu\/wp-json\/wp\/v2\/pages\/1207"}],"collection":[{"href":"https:\/\/memoriahistorica.educacion.navarra.es\/eu\/wp-json\/wp\/v2\/pages"}],"about":[{"href":"https:\/\/memoriahistorica.educacion.navarra.es\/eu\/wp-json\/wp\/v2\/types\/page"}],"author":[{"embeddable":true,"href":"https:\/\/memoriahistorica.educacion.navarra.es\/eu\/wp-json\/wp\/v2\/users\/5"}],"replies":[{"embeddable":true,"href":"https:\/\/memoriahistorica.educacion.navarra.es\/eu\/wp-json\/wp\/v2\/comments?post=1207"}],"version-history":[{"count":9,"href":"https:\/\/memoriahistorica.educacion.navarra.es\/eu\/wp-json\/wp\/v2\/pages\/1207\/revisions"}],"predecessor-version":[{"id":2158,"href":"https:\/\/memoriahistorica.educacion.navarra.es\/eu\/wp-json\/wp\/v2\/pages\/1207\/revisions\/2158"}],"wp:attachment":[{"href":"https:\/\/memoriahistorica.educacion.navarra.es\/eu\/wp-json\/wp\/v2\/media?parent=1207"}],"curies":[{"name":"wp","href":"https:\/\/api.w.org\/{rel}","templated":true}]}}