{"id":1146,"date":"2020-03-26T16:04:37","date_gmt":"2020-03-26T15:04:37","guid":{"rendered":"https:\/\/memoriahistorica.educacion.navarra.es\/ezkaba-1938-2018\/"},"modified":"2021-10-20T14:09:29","modified_gmt":"2021-10-20T12:09:29","slug":"ezkaba-1938-2018","status":"publish","type":"page","link":"https:\/\/memoriahistorica.educacion.navarra.es\/eu\/ezkaba-1938-2018\/","title":{"rendered":"Ezkaba. 1938-2018"},"content":{"rendered":"\n<p class=\"has-medium-font-size\"><strong>Gotorlekutik Kartzelara<\/strong><\/p>\n\n<div class=\"wp-block-image\"><figure class=\"aligncenter size-large\"><img loading=\"lazy\" width=\"567\" height=\"376\" src=\"https:\/\/memoriahistorica.educacion.navarra.es\/wp-content\/uploads\/2020\/03\/Vista.jpg\" alt=\"\" class=\"wp-image-1127\" srcset=\"https:\/\/memoriahistorica.educacion.navarra.es\/wp-content\/uploads\/2020\/03\/Vista.jpg 567w, https:\/\/memoriahistorica.educacion.navarra.es\/wp-content\/uploads\/2020\/03\/Vista-300x199.jpg 300w\" sizes=\"(max-width: 567px) 100vw, 567px\" \/><\/figure><\/div>\n\n<p><a href=\"https:\/\/pazyconvivencia.navarra.es\/es\/ezkaba-1938-2018\" target=\"_blank\" rel=\"noreferrer noopener\">Bisita birtuala<\/a><\/p>\n\n<p>Alfontso XII.a edo San Kristobal Gotorlekua Iru\u00f1a defendatzeko eraiki zen, baina gudako abiazioaren agerpenaren ondorioz zaharkitua gelditu zen. 1934ko iraultzaren ondoren, Estatuak San Kristobal Gotorlekua espetxe-esparru gisa antolatu zuen, 1936ko amnistia arte. 1936ko uztaileko kolpe militarrarekin Gotorlekua berriz ere presondegi gisa erabiltzen hasi ziren. Altxatuek eragindako indarkeriak milaka erailketa, atxiloketa, garbiketa, ondasunen konfiskazio eta giza eskubideen bestelako urraketa ekarri zituen. Ehunka nafar kartzelaratu ziren bertan, prozedura judizialetik kanpoko atxiloketa gubernatibo bidez. Gotorlekua Espainiako milaka gatibuz bete zen, bereziki gaztelau eta galiziarrez, Espainia iparraldeko fronteko lurraldeak altxatuen menpe erori ahala.<\/p>\n\n<div class=\"wp-block-image\"><figure class=\"aligncenter size-large\"><img loading=\"lazy\" width=\"429\" height=\"322\" src=\"https:\/\/memoriahistorica.educacion.navarra.es\/wp-content\/uploads\/2020\/03\/patio2.jpg\" alt=\"\" class=\"wp-image-1131\" srcset=\"https:\/\/memoriahistorica.educacion.navarra.es\/wp-content\/uploads\/2020\/03\/patio2.jpg 429w, https:\/\/memoriahistorica.educacion.navarra.es\/wp-content\/uploads\/2020\/03\/patio2-300x225.jpg 300w\" sizes=\"(max-width: 429px) 100vw, 429px\" \/><\/figure><\/div>\n\n<p class=\"has-medium-font-size\"><strong> Elkartasun sareak<\/strong><\/p>\n\n<p>1936ko kolpearen ondoko errepresioak errepresaliatuen eta haien familien sufrimendu eta min istorioak utzi dizkigu. Baina gertakari latz haien inguruan elkartasun eta konpromiso istorio ederrak ere badaude. Hainbat ideologiatako emakumeak antolatu ziren presoei laguntzeko, arropak garbituz, janari paketeak eramanez, batez ere, adiskidetasuna eta hurbiltasuna helaraziz. Emakume haiek ez zituzten aurrez ezagutzen, ez ziren ahaideak edo lagunak, anarteraino, bederen. Emakume haiek erabaki zuten beren segurtasuna arriskuan paratzea gatibuek itxaropenari eutsi ziezaioten. Emakume ausart eta solidarioen istorio ezezagunak dira horiek.<\/p>\n\n<div class=\"wp-block-image\"><figure class=\"aligncenter size-full is-resized\"><img src=\"https:\/\/memoriahistorica.educacion.navarra.es\/wp-content\/uploads\/2020\/03\/mujeres2.jpg\" alt=\"\" class=\"wp-image-1137\" width=\"500\" srcset=\"https:\/\/memoriahistorica.educacion.navarra.es\/wp-content\/uploads\/2020\/03\/mujeres2.jpg 634w, https:\/\/memoriahistorica.educacion.navarra.es\/wp-content\/uploads\/2020\/03\/mujeres2-300x243.jpg 300w\" sizes=\"(max-width: 634px) 100vw, 634px\" \/><\/figure><\/div>\n\n<p><em>\u201c1937tik aurrera 300 segoviar eraman zituzten San Kristobal Gotorlekura, Iru\u00f1era. Presoen familiak antolatu ziren hara jatekoa eramateko. Hamabost egunetik behin bi emakume joaten ziren hara (txandaka egiten zuten), familia guztien paketeak eramanez hainbat zakutan. Kargan jatekoa eta arropa garbia sartzen zituzten. Horrela antolatu zituzten tren bidaia haiek Bernardos, Coca eta Nava de Asunciongo herritarrek\u201d<\/em>. <strong>Henar Yuste Holmos<\/strong><\/p>\n\n<div class=\"wp-block-image\"><figure class=\"aligncenter size-large\"><img loading=\"lazy\" width=\"398\" height=\"287\" src=\"https:\/\/memoriahistorica.educacion.navarra.es\/wp-content\/uploads\/2020\/03\/Mujeres1.jpg\" alt=\"\" class=\"wp-image-1139\" srcset=\"https:\/\/memoriahistorica.educacion.navarra.es\/wp-content\/uploads\/2020\/03\/Mujeres1.jpg 398w, https:\/\/memoriahistorica.educacion.navarra.es\/wp-content\/uploads\/2020\/03\/Mujeres1-300x216.jpg 300w\" sizes=\"(max-width: 398px) 100vw, 398px\" \/><\/figure><\/div>\n\n<p><em>\u201c\u2026 eta ondoren arropaz beteriko zakuak ekartzen genituen bueltan, denak zorriz eta miseriaz beteak\u2026 eta eskerrak gure laguntzarekin astero arropa aldatu egiten zutela; laguntzeko inor ez zutenak, berriz, auskalo nola egongo ote ziren gizajoak\u2026 beraien izen-deitura eta pabiloia zuten zehaztuta. Ura bainuontzi handian irakiten jartzen genuen, dena zorriz beterik, eta hara! zorri guztiak hantxe dantzan.\u00a0Eta hurrengo igandean buelta, arropa aldean hartuta\u2026\u201d<\/em>. <strong>Petra, Carmen, Nicasia, Juliana Irigoyen Vidaurreta<\/strong><\/p>\n\n<p class=\"has-medium-font-size\"><strong>Ezkaban hiltzea.<\/strong><\/p>\n\n<p>San Kristobalgo preso asko ez ziren bizirik atera bertatik. Preso gubernatiboetatik kopuru handi bat, \u201caske utzi\u201d eta gero, talde paramilitarrek asasinatuak izan ziren. Talde horiei aldez aurreko informazioa ematen zieten eta irteeran zain izaten zituzten. Presoen beste kopuru handi bat ihes egiten ahalegindu ondoren hil zen. Lehenbiziko saiakera 1936ko urrian izan zen. Haren ondotik, 25 preso exekutatu zituzten. Baina Ezkabako presondegiko ihes handia 1938ko maiatzaren 22an izan zen. Horren ondotik agintariek abiarazitako ehizaldi ankerrak 220 hildako utzi zituen.<\/p>\n\n<div class=\"wp-block-image\"><figure class=\"aligncenter size-large\"><img loading=\"lazy\" width=\"474\" height=\"520\" src=\"https:\/\/memoriahistorica.educacion.navarra.es\/wp-content\/uploads\/2020\/03\/mapa.jpg\" alt=\"\" class=\"wp-image-1141\" srcset=\"https:\/\/memoriahistorica.educacion.navarra.es\/wp-content\/uploads\/2020\/03\/mapa.jpg 474w, https:\/\/memoriahistorica.educacion.navarra.es\/wp-content\/uploads\/2020\/03\/mapa-273x300.jpg 273w\" sizes=\"(max-width: 474px) 100vw, 474px\" \/><\/figure><\/div>\n\n<p>Gainera, ehunka preso hil ziren presondegiko bizi baldintzak osasungaitzak zirelako, laguntza medikorik ez zegoelako eta elikadura urria zelako; horien artean, 1938ko maiatzaren 22aren ondotik harrapatu zituzten 46 iheslari. Hasieran, hildako presoak inguruko herrietako hilerrietan lurperatzen zituzten. Toki horiek bete zirenean, agintari militarrek erabaki zuten Gotorlekuaren inguruan hilerri bat egitea: botilen hilerria. <\/p>\n\n<div class=\"wp-block-image\"><figure class=\"aligncenter size-large\"><img loading=\"lazy\" width=\"863\" height=\"160\" src=\"https:\/\/memoriahistorica.educacion.navarra.es\/wp-content\/uploads\/2020\/03\/botellas.jpg\" alt=\"\" class=\"wp-image-1143\" srcset=\"https:\/\/memoriahistorica.educacion.navarra.es\/wp-content\/uploads\/2020\/03\/botellas.jpg 863w, https:\/\/memoriahistorica.educacion.navarra.es\/wp-content\/uploads\/2020\/03\/botellas-300x56.jpg 300w, https:\/\/memoriahistorica.educacion.navarra.es\/wp-content\/uploads\/2020\/03\/botellas-768x142.jpg 768w\" sizes=\"(max-width: 863px) 100vw, 863px\" \/><\/figure><\/div>\n\n<p>Erakusketaren <a href=\"https:\/\/drive.google.com\/file\/d\/1v2xgLKrGtDeskldInoL5PqDoKpqQzpyq\/view?usp=sharing\" target=\"_blank\" rel=\"noopener\">liburuxka<\/a> jeitsi.<\/p>\n\n<p style=\"font-size:14px\"><strong>Esker onak<\/strong>: Txinparta-Fuerte de San Crist\u00f3bal, Aranzadi Zientzia Elkartea, Iru\u00f1eko Planetarioa, I\u00f1aki Alforja, Ferm\u00edn Ezkieta, Hedy Herrero, Amaia Kowasch, Jos\u00e9 Luis Larri\u00f3n, Mikel Ozkoidi, Idoia Pall\u00edn, I\u00f1aki Porto, Joaqu\u00edn Roa.<\/p>\n","protected":false},"excerpt":{"rendered":"<p>Gotorlekutik Kartzelara Bisita birtuala Alfontso XII.a edo San Kristobal Gotorlekua Iru\u00f1a defendatzeko eraiki zen, baina gudako abiazioaren agerpenaren ondorioz zaharkitua gelditu zen. 1934ko iraultzaren ondoren, Estatuak San Kristobal Gotorlekua espetxe-esparru gisa antolatu zuen, 1936ko amnistia arte. 1936ko uztaileko kolpe militarrarekin Gotorlekua berriz ere presondegi gisa erabiltzen hasi ziren. Altxatuek eragindako indarkeriak milaka erailketa, atxiloketa, garbiketa, [&hellip;]<\/p>\n","protected":false},"author":5,"featured_media":0,"parent":0,"menu_order":0,"comment_status":"closed","ping_status":"closed","template":"","meta":{"_genesis_hide_title":false,"_genesis_hide_breadcrumbs":false,"_genesis_hide_singular_image":false,"_genesis_hide_footer_widgets":false,"_genesis_custom_body_class":"","_genesis_custom_post_class":"","_genesis_layout":"","jetpack_post_was_ever_published":false},"jetpack_sharing_enabled":true,"jetpack_shortlink":"https:\/\/wp.me\/P8hF6h-iu","jetpack_likes_enabled":true,"_links":{"self":[{"href":"https:\/\/memoriahistorica.educacion.navarra.es\/eu\/wp-json\/wp\/v2\/pages\/1146"}],"collection":[{"href":"https:\/\/memoriahistorica.educacion.navarra.es\/eu\/wp-json\/wp\/v2\/pages"}],"about":[{"href":"https:\/\/memoriahistorica.educacion.navarra.es\/eu\/wp-json\/wp\/v2\/types\/page"}],"author":[{"embeddable":true,"href":"https:\/\/memoriahistorica.educacion.navarra.es\/eu\/wp-json\/wp\/v2\/users\/5"}],"replies":[{"embeddable":true,"href":"https:\/\/memoriahistorica.educacion.navarra.es\/eu\/wp-json\/wp\/v2\/comments?post=1146"}],"version-history":[{"count":14,"href":"https:\/\/memoriahistorica.educacion.navarra.es\/eu\/wp-json\/wp\/v2\/pages\/1146\/revisions"}],"predecessor-version":[{"id":2161,"href":"https:\/\/memoriahistorica.educacion.navarra.es\/eu\/wp-json\/wp\/v2\/pages\/1146\/revisions\/2161"}],"wp:attachment":[{"href":"https:\/\/memoriahistorica.educacion.navarra.es\/eu\/wp-json\/wp\/v2\/media?parent=1146"}],"curies":[{"name":"wp","href":"https:\/\/api.w.org\/{rel}","templated":true}]}}