{"id":1120,"date":"2020-03-26T12:52:50","date_gmt":"2020-03-26T11:52:50","guid":{"rendered":"https:\/\/memoriahistorica.educacion.navarra.es\/erakusketak\/"},"modified":"2024-10-10T09:45:42","modified_gmt":"2024-10-10T07:45:42","slug":"erakusketak","status":"publish","type":"page","link":"https:\/\/memoriahistorica.educacion.navarra.es\/eu\/erakusketak\/","title":{"rendered":"Erakusketak"},"content":{"rendered":"\n<figure class=\"wp-block-image size-large\"><img loading=\"lazy\" width=\"1024\" height=\"707\" src=\"https:\/\/memoriahistorica.educacion.navarra.es\/wp-content\/uploads\/2020\/03\/Expoweb-1024x707.jpg\" alt=\"\" class=\"wp-image-1084\" srcset=\"https:\/\/memoriahistorica.educacion.navarra.es\/wp-content\/uploads\/2020\/03\/Expoweb-1024x707.jpg 1024w, https:\/\/memoriahistorica.educacion.navarra.es\/wp-content\/uploads\/2020\/03\/Expoweb-300x207.jpg 300w, https:\/\/memoriahistorica.educacion.navarra.es\/wp-content\/uploads\/2020\/03\/Expoweb-768x530.jpg 768w, https:\/\/memoriahistorica.educacion.navarra.es\/wp-content\/uploads\/2020\/03\/Expoweb.jpg 1231w\" sizes=\"(max-width: 1024px) 100vw, 1024px\" \/><\/figure>\n<p>Nafarroako Memoriaren Institutuan hainbat erakusketa ditugu, eta hainbat herritatik ibili dira, bai ikastetxeetan, bai beste espazio publiko batzuetan, kultura-etxeetan, liburutegietan, gizarte-zentroetan eta abarretan. Horietakoren bat zuen ikastetxera edo zuen herrira eraman nahi baduzue, gurekin harremanetan jarri besterik ez duzue, erreserba egiteko. Gehienek bertsio birtuala dute, eta erakusketaren orrialdetik bertatik eskura daiteke.<\/p>\n\n<p>Une honetan ikusgai egon daitezkeenak jarraian agertzen direnak dira. Informazio gehiago nahi izanez gero, egin klik bakoitzaren izenburuan.&#013;\n<\/p>\n\n<ul><li><strong><a href=\"https:\/\/memoriahistorica.educacion.navarra.es\/eu\/ezkaba-1938-2018\/\">Ezkaba<\/a><\/strong>. 2018ko maiatzean inauguratu zen Planetarioan, San Cristobaleko ihesaren 80. urteurrena zela eta. Roll-up formatuko bertsioa dugu, ikastetxeetan eta espazio txikiagoetan erakusteko. <a href=\"https:\/\/my.matterport.com\/show\/?m=tda4KPW8YNu\" target=\"_blank\" rel=\"noopener\">Bisita birtuala<\/a>.<\/li><li><strong><a href=\"https:\/\/memoriahistorica.educacion.navarra.es\/eu\/lur-azpian\/\">Lur azpian. Desobiratze goiztiarrak Nafarroan<\/a><\/strong>. 2019ko martxoan inauguratu zen Planetarioan, trantsizio-aldiko desobiratzeen hasieraren 40. urteurrena zela eta. <a href=\"https:\/\/pazyconvivencia.navarra.es\/eu\/lur-azpian\" target=\"_blank\" rel=\"noopener\">Bisita birtuala<\/a>.<\/li><li><strong><a href=\"https:\/\/memoriahistorica.educacion.navarra.es\/eu\/?page_id=1262\">Aktion T4. Sineste osoz hiltzen<\/a><\/strong>. 2019ko azaroan inauguratu zen Baluarten. Buruko gaixotasunak zituzten edo desgaitasunen bat zuten pertsonak desagerrarazteko eutanasia naziaren programari buruz.<\/li><li><a href=\"https:\/\/memoriahistorica.educacion.navarra.es\/eu\/uriz-pi-ahizpak\/\"><strong>Uriz Pi Ahizpak. Aitzindariak<\/strong><\/a>\u00a02020ko irailean inauguratu zen Planetarioan . Josefa eta Elisa Uriz ahizpen historiari eta konpromisoari buruz, XX. mendean nazioartean proiekzio handiena izan zuten nafar jatorriko emakumeak. <a href=\"https:\/\/pazyconvivencia.navarra.es\/eu\/uriz-pi-visita-virtual\" target=\"_blank\" rel=\"noopener\">Bisita birtuala<\/a>.<\/li><li><strong><a href=\"https:\/\/memoriahistorica.educacion.navarra.es\/eu\/hormigoizko-mugak\/\" data-type=\"page\" data-id=\"2123\">Hormigoizko Mugak<\/a><\/strong>. 2021eko maiatzean inauguratu zen Planetarioan. Bidaia bat prosposatzen du Adolf Hitler eta Francisco Franco diktadoreek bultzatutako Atlantikoko Harresiaren eta Pirinioen Gotortzearen artean. Roll-up formatuko bertsioa dugu, ikastetxeetan eta espazio txikiagoetan erakusteko. <a href=\"https:\/\/pazyconvivencia.navarra.es\/eu\/fronteras-de-hormigon\" target=\"_blank\" rel=\"noopener\">Bisita birtuala<\/a>.<\/li><li><strong><a href=\"https:\/\/pazyconvivencia.navarra.es\/eu\/jose-alfaro\" target=\"_blank\" rel=\"noreferrer noopener\">Jos\u00e9 Alfaro. Erbestea eta duintasuna<\/a><\/strong>. Tafallar errepublikar honen argazkiak Frantzian erbesteratu zenean.<\/li><li><strong><a href=\"https:\/\/pazyconvivencia.navarra.es\/eu\/gerardo-lizarraga\" target=\"_blank\" rel=\"noreferrer noopener\">Gerardo Lizarraga, artista erbestean<\/a><\/strong>. Artista nafar honek Frantziako kontzentrazio-esparruetan egindako marrazkiak ikusgai daude. <a href=\"https:\/\/pazyconvivencia.navarra.es\/eu\/visita-virtual-lizarraga\" target=\"_blank\" rel=\"noreferrer noopener\">Bisita birtuala<\/a>.<\/li><li><strong><a href=\"https:\/\/pazyconvivencia.navarra.es\/eu\/emakume-eta-memoria-nafarroan\" target=\"_blank\" rel=\"noreferrer noopener\">Emakumea eta Memoria Nafarroan<\/a><\/strong>. 1936ko udako kolpe miliarraren ondorioz Nafarroan errepresaliatutako emakumeen memoria. Erretratuak eta testigantzak. <a href=\"https:\/\/pazyconvivencia.navarra.es\/es\/mumen-visita-virtual\" target=\"_blank\" rel=\"noreferrer noopener\">Bisita Birtuala<\/a>.<\/li><li><strong>3526*.<\/strong>Erakusketak Nafarroan dauden berrehun hobietatik hogeita hemeretzi erretratatzen ditu. Horietan, 671 pertsona hil zituzten. Hobien ondoan, eraildako pertsona horietako batzuk bizi ziren etxebizitzetako atarietako argazkiek iradokitzen digute zifra bakoitzaren atzean bizitza eten bat dagoela.<\/li><li><a href=\"https:\/\/14deabril.com\/carteles-que-cuentan-la-mujer-en-la-guerra-de-espana\/\" target=\"_blank\" rel=\"noopener\"><strong>Kontatzen dituzten kartelak: Emakumea Espainiako Gerran<\/strong>.<\/a> Erakusketa honek emakumeak Espainiako Gerran garatutako zereginean sakondu nahi du, karteletan duen presentziaren bidez, gerran aurrez aurre jarri ziren bi aldeen helburu politiko eta sozialak, ezberdintasunak eta identitateak eta motibazio eta helburu nagusiak ezagutzeko aukera emanez.<\/li><\/ul>\n<p>Gainera, eskuragarriak dituzue zenbait ikastetxek <em>Memoria duten Eskolak<\/em> programan garatutako proiektuen esparruan egindako erakusketak. Nabarmentzekoak dira <a href=\"https:\/\/iesmendillorribhi.educacion.navarra.es\/blogs\/eu\/blog\/emakumeak-frankismopean-erakusketa-eta-web-orria\/\" target=\"_blank\" rel=\"noopener\"><strong><em>Emakumeak frankismopean<\/em><\/strong><\/a> eta <a href=\"https:\/\/iesmendillorribhi.educacion.navarra.es\/blogs\/eu\/blog\/mikrokontakizun-lehiaketa\/\" target=\"_blank\" rel=\"noopener\"><strong><em>Denborarik Gabe<\/em><\/strong><\/a> erakusketak, biak Mendillorri BHIkoak, edo <a href=\"https:\/\/iestierraestella.educacion.navarra.es\/web\/blog\/2021\/06\/01\/inauguracion-de-la-exposicion-titulada-julian-oscoz-inigo-una-vida-en-la-memoria\/\" target=\"_blank\" rel=\"noopener\"><strong><em>Juli\u00e1n Oscoz \u00cd\u00f1igo: una vida en la memoria <\/em><\/strong><\/a>Lizarraldea BHIkoa.<\/p>\n\n<p>Azkenik, INMk erakusketa birtualen programa bat ere badu, horietako batzuk <a href=\"https:\/\/oroibidea.es\/eu\" target=\"_blank\" rel=\"noopener\"><em><strong>Oroibidea, camino de memoria<\/strong><\/em><\/a> atariaren bidez eskura daitezkeenak, memoria-bidea. Honako hauek dira:<\/p>\n\n<ul><li><a href=\"https:\/\/exhumacionestempranas.navarra.es\/?lang=lg-eus\" target=\"_blank\" rel=\"noreferrer noopener\"><strong>Lur Azpian. Desobiratze goiztiarrak Nafarroan<\/strong><\/a>. Esposizio fisikoaren osagarria.<\/li><li><a href=\"https:\/\/navarraobjecioninsumision.navarra.es\/eu\" target=\"_blank\" rel=\"noopener\"><strong>Objekzioa eta intsumisioaren Memoria Nafarroan<\/strong><\/a>.<\/li><li><strong><a href=\"https:\/\/oroibidea.es\/cautividad\/eu\" target=\"_blank\" rel=\"noopener\">Gatibuen Hiria. Atxiloketa zentroak Iru\u00f1ean, 1936-1945.<\/a><\/strong><\/li><li><strong>Irakasleen errepresioa Nafarroan<\/strong> (aurki eskuragarri).<\/li><li><strong><a href=\"https:\/\/www.fronterasdehormigon.com\/eu\/\" target=\"_blank\" rel=\"noreferrer noopener\">Hormigoizko mugak. <\/a><\/strong>Esposizio fisikoaren osagarria.<\/li><li><strong><a href=\"https:\/\/my.matterport.com\/show\/?m=mhcVZhZ6EmZ\" target=\"_blank\" rel=\"noreferrer noopener\">Las Sinsombrero.<\/a><\/strong> 2023an, NMIren &#8220;Erbestea&#8221; eta &#8220;Emakumea eta Memoria&#8221; programen barruan, 27ko Belaunaldiko kide izan ziren emakumeei buruzko <strong><em>Las Sinsombrero<\/em><\/strong> erakusketa bisitatzeko aukera izan genuen Iru\u00f1ean. Bisita <a href=\"https:\/\/www.teatrofernangomez.es\/actividades\/las-sinsombrero\" target=\"_blank\" rel=\"noopener\">hemen deskargatu<\/a> daitezkeen gida didaktiko eta\u00a0 jardueren koaderno batekin osatzen da.<\/li><li><a href=\"https:\/\/pazyconvivencia.navarra.es\/es\/duerma-en-ti\" target=\"_blank\" rel=\"noreferrer noopener\"><strong>Zugan egin dezala lo. Amatasun lapurtuak<\/strong><\/a>. Haur lapurtuei buruz. INMren &#8220;Emakumea eta Memoria&#8221; programaren barruan dago.<\/li><li><strong><a href=\"https:\/\/my.matterport.com\/show\/?m=SxpZZBgYC9N\" target=\"_blank\" rel=\"noreferrer noopener\">Bizitza alanbre-hezien artean. Artea Gurseko barneratze eremuan. (1939-1945)<\/a><\/strong>. INMren &#8220;Erbestea&#8221; programaren baruuan dago.<\/li><\/ul>\n<p><a href=\"https:\/\/memoriahistorica.educacion.navarra.es\/eu\/contacto\/\">Erakusketa eskatu.<\/a><\/p>\n","protected":false},"excerpt":{"rendered":"<p>Nafarroako Memoriaren Institutuan hainbat erakusketa ditugu, eta hainbat herritatik ibili dira, bai ikastetxeetan, bai beste espazio publiko batzuetan, kultura-etxeetan, liburutegietan, gizarte-zentroetan eta abarretan. Horietakoren bat zuen ikastetxera edo zuen herrira eraman nahi baduzue, gurekin harremanetan jarri besterik ez duzue, erreserba egiteko. Gehienek bertsio birtuala dute, eta erakusketaren orrialdetik bertatik eskura daiteke. Une honetan ikusgai egon [&hellip;]<\/p>\n","protected":false},"author":5,"featured_media":1085,"parent":0,"menu_order":0,"comment_status":"closed","ping_status":"closed","template":"","meta":{"_genesis_hide_title":false,"_genesis_hide_breadcrumbs":false,"_genesis_hide_singular_image":false,"_genesis_hide_footer_widgets":false,"_genesis_custom_body_class":"","_genesis_custom_post_class":"","_genesis_layout":"","jetpack_post_was_ever_published":false},"jetpack_sharing_enabled":true,"jetpack_shortlink":"https:\/\/wp.me\/P8hF6h-i4","jetpack_likes_enabled":true,"_links":{"self":[{"href":"https:\/\/memoriahistorica.educacion.navarra.es\/eu\/wp-json\/wp\/v2\/pages\/1120"}],"collection":[{"href":"https:\/\/memoriahistorica.educacion.navarra.es\/eu\/wp-json\/wp\/v2\/pages"}],"about":[{"href":"https:\/\/memoriahistorica.educacion.navarra.es\/eu\/wp-json\/wp\/v2\/types\/page"}],"author":[{"embeddable":true,"href":"https:\/\/memoriahistorica.educacion.navarra.es\/eu\/wp-json\/wp\/v2\/users\/5"}],"replies":[{"embeddable":true,"href":"https:\/\/memoriahistorica.educacion.navarra.es\/eu\/wp-json\/wp\/v2\/comments?post=1120"}],"version-history":[{"count":24,"href":"https:\/\/memoriahistorica.educacion.navarra.es\/eu\/wp-json\/wp\/v2\/pages\/1120\/revisions"}],"predecessor-version":[{"id":3366,"href":"https:\/\/memoriahistorica.educacion.navarra.es\/eu\/wp-json\/wp\/v2\/pages\/1120\/revisions\/3366"}],"wp:featuredmedia":[{"embeddable":true,"href":"https:\/\/memoriahistorica.educacion.navarra.es\/eu\/wp-json\/wp\/v2\/media\/1085"}],"wp:attachment":[{"href":"https:\/\/memoriahistorica.educacion.navarra.es\/eu\/wp-json\/wp\/v2\/media?parent=1120"}],"curies":[{"name":"wp","href":"https:\/\/api.w.org\/{rel}","templated":true}]}}